{"id":20,"date":"2023-05-16T21:47:11","date_gmt":"2023-05-16T19:47:11","guid":{"rendered":"https:\/\/qorpr.com\/?page_id=20"},"modified":"2023-07-27T18:15:21","modified_gmt":"2023-07-27T16:15:21","slug":"legal-notice","status":"publish","type":"page","link":"https:\/\/qorpr.com\/index.php\/legal-notice\/","title":{"rendered":"Legal notice"},"content":{"rendered":"\n<p><strong>Qorpr<\/strong> is company specialist in consulting, education and research in the field of quantum computing.<\/p>\n\n\n\n<h2 class=\"wp-block-heading\">Qorpr<\/h2>\n\n\n\n<p>Soci\u00e9t\u00e9 par action simplifi\u00e9e unipersonnelle with capital of \u20ac 1,000<br><strong>Address:<\/strong> 149, Avenue du Maine, 75014 Paris 14 \u2013 France<br><strong>Phone:<\/strong> coming soon<br><strong>Email:<\/strong> contact@qorpr.com<br><strong>RCS number:<\/strong> Paris B 977 697 721<br><strong>SIRET number:<\/strong> 97769772100016<\/p>\n\n\n\n<h2 class=\"wp-block-heading\">Website edition<\/h2>\n\n\n\n<p>The site www.qorpr.com (hereinafter \u00ab\u00a0the Site\u00a0\u00bb), accessible at the address https:\/\/www.qorpr.com is published by the company <strong>Qorpr<\/strong>. The company is managed by Edgard PIERRE.<\/p>\n\n\n\n<h2 class=\"wp-block-heading\">Website creation &amp; development<\/h2>\n\n\n\n<p>The website is developed by: Edgard PIERRE<br><strong>Phone number:<\/strong> coming soon<br><strong>Email :<\/strong> edgard.pierre@qorpr.com<\/p>\n\n\n\n<h2 class=\"wp-block-heading\">Website host<\/h2>\n\n\n\n<p>The Site is hosted by OVH, SASU with a capital of \u20ac 10,174,560, whose head office is located at 2 rue Kellermann \u2013 59 100 Roubaix \u2013 FRANCE<\/p>\n\n\n\n<h2 class=\"wp-block-heading\">Respect for intellectual property<\/h2>\n\n\n\n<p>All brands, photographs, texts, comments, illustrations, images, animated or not, video sequences, sounds, as well as all computer applications that could be used to operate the Site and more generally all the elements reproduced or used on the Qorpr Site are protected by the laws in force in respect of intellectual property and copyright.<\/p>\n\n\n\n<p>They are the full and entire property of <strong>Qorpr<\/strong> or its partners, unless otherwise specified. Any reproduction, representation, use or adaptation, in any form whatsoever, of all or part of these elements, including computer applications, without the prior written consent of the Publisher, is strictly prohibited. The fact that the Publisher does not initiate proceedings upon becoming aware of these unauthorized uses does not constitute acceptance of said uses and waiver of prosecution.<\/p>\n\n\n\n<p>Only use for private use in a family circle is authorized and any other use constitutes infringement and \/ or infringement of neighboring rights, sanctioned by the Intellectual Property Code. The resumption of all or part of this content requires the prior authorization of the Publisher or the holder of the rights to this content.<\/p>\n\n\n\n<h2 class=\"wp-block-heading\">Hypertext links<\/h2>\n\n\n\n<p>The Site may contain hypertext links giving access to other websites published and managed by third parties and not by the Publisher. The Publisher cannot be held responsible directly or indirectly in the event that said third-party sites do not comply with legal provisions.<\/p>\n","protected":false},"excerpt":{"rendered":"<p>Qorpr is company specialist in consulting, education and research in the field of quantum computing. Qorpr Soci\u00e9t\u00e9 par action simplifi\u00e9e unipersonnelle with capital of \u20ac 1,000Address: 149, Avenue du Maine, 75014 Paris 14 \u2013 FrancePhone: coming soonEmail: contact@qorpr.comRCS number: Paris B 977 697 721SIRET number: 97769772100016 Website edition The site www.qorpr.com (hereinafter \u00ab\u00a0the Site\u00a0\u00bb), accessibleContinue reading &rarr;<\/p>\n","protected":false},"author":1,"featured_media":0,"parent":0,"menu_order":0,"comment_status":"closed","ping_status":"closed","template":"","meta":{"footnotes":""},"class_list":["post-20","page","type-page","status-publish","hentry","no-thumb"],"_links":{"self":[{"href":"https:\/\/qorpr.com\/index.php\/wp-json\/wp\/v2\/pages\/20","targetHints":{"allow":["GET"]}}],"collection":[{"href":"https:\/\/qorpr.com\/index.php\/wp-json\/wp\/v2\/pages"}],"about":[{"href":"https:\/\/qorpr.com\/index.php\/wp-json\/wp\/v2\/types\/page"}],"author":[{"embeddable":true,"href":"https:\/\/qorpr.com\/index.php\/wp-json\/wp\/v2\/users\/1"}],"replies":[{"embeddable":true,"href":"https:\/\/qorpr.com\/index.php\/wp-json\/wp\/v2\/comments?post=20"}],"version-history":[{"count":3,"href":"https:\/\/qorpr.com\/index.php\/wp-json\/wp\/v2\/pages\/20\/revisions"}],"predecessor-version":[{"id":46,"href":"https:\/\/qorpr.com\/index.php\/wp-json\/wp\/v2\/pages\/20\/revisions\/46"}],"wp:attachment":[{"href":"https:\/\/qorpr.com\/index.php\/wp-json\/wp\/v2\/media?parent=20"}],"curies":[{"name":"wp","href":"https:\/\/api.w.org\/{rel}","templated":true}]}}